{"id":7,"date":"2020-11-10T18:30:25","date_gmt":"2020-11-10T17:30:25","guid":{"rendered":"http:\/\/pliki.rea.pl\/?page_id=7"},"modified":"2026-04-13T14:20:41","modified_gmt":"2026-04-13T12:20:41","slug":"main","status":"publish","type":"page","link":"https:\/\/rea.pl\/","title":{"rendered":"Main"},"content":{"rendered":"\n<div class=\"link_side\">\n      <a href=\"https:\/\/www.instagram.com\/rea.pl\/\" id=\"instagram\" target=\"_blank\" class=\"icon_link_side\" rel=\"noopener\">\n        <img decoding=\"async\" src=\"https:\/\/rea.pl\/img\/instagram.svg\">\n      <\/a>\n      <a href=\"https:\/\/www.facebook.com\/Realazienkazwyobraznia\/\" id=\"facebook\" target=\"_blank\" class=\"icon_link_side\" rel=\"noopener\">\n        <img decoding=\"async\" src=\"https:\/\/rea.pl\/img\/facebook-filled.svg\">\n      <\/a>\n<a href=\"https:\/\/www.tiktok.com\/@rea.pl\/\" id=\"tiktok\" target=\"_blank\" class=\"icon_link_side\" rel=\"noopener\">\n        <img decoding=\"async\" src=\"https:\/\/files.lazienka-rea.com.pl\/tiktok.svg\">\n      <\/a>\n<a href=\"https:\/\/www.youtube.com\/@rea-azienkazwyobraznia9278\/\" id=\"youtube\" target=\"_blank\" class=\"icon_link_side\" rel=\"noopener\">\n        <img decoding=\"async\" src=\"https:\/\/files.lazienka-rea.com.pl\/youtube.svg\">\n      <\/a>\n<\/a>\n<a href=\"https:\/\/pl.pinterest.com\/bathroomrea1\/\" id=\"pinterest\" target=\"_blank\" class=\"icon_link_side\" rel=\"noopener\">\n        <img decoding=\"async\" src=\"https:\/\/files.lazienka-rea.com.pl\/pinterest.svg\">\n      <\/a>\n    <\/div>\n<div><img decoding=\"async\" id=\"hero\" src=\"https:\/\/rea.pl\/wp-content\/uploads\/2026\/04\/BANER-REA.PL-BABILON-GOLD.jpg\"><\/div>\n<div id=\"about-us\">\n\t<div class=\"container-unique\">\n\t\t<div class=\"main-section\">\n\t\t\t<div class=\"about-img\"><\/div>\n\t\t\t<div class=\"text-container\">\n\t\t\t\t<h1 class=\"text-amplify text-brand-colored\">\n\t\t\t\t\tREA zadebiutowa\u0142a na polskim rynku w roku 1993.\n\t\t\t\t<\/h1>\n\t\t\t\t<p>\n\t\t\t\t\tOd tego czasu w odpowiedzi na Pa\u0144stwa potrzeby uzupe\u0142niamy\n\t\t\t\t\tofert\u0119 o nowe, wysokiej jako\u015bci, modne produkty.\n\t\t\t\t<\/p>\n\t\t\t\t<p>\n\t\t\t\t\tSpecjalizujemy si\u0119 w produkcji i imporcie towar\u00f3w z zakresu\n\t\t\t\t\tArmatury \u0142azienkowej oraz kuchennej. Bazuj\u0105c na wieloletnim\n\t\t\t\t\tdo\u015bwiadczeniu gwarantujemy, i\u017c wszystkie nasze produkty s\u0105 w\n\t\t\t\t\t100% bezpieczne dla zdrowia oraz niezwykle funkcjonalne.\n\t\t\t\t<\/p>\n\t\t\t\t<p>\n\t\t\t\t\tJako g\u0142\u00f3wny cel postawili\u015bmy pe\u0142ne zadowolenie klient\u00f3w,\n\t\t\t\t\tkt\u00f3re osi\u0105gamy poprzez wysok\u0105 jako\u015b produkt\u00f3w oraz\n\t\t\t\t\tkonkurencyjno\u015b\u0107 cenow\u0105, dzi\u0119ki temu jeste\u015bmy wstanie\n\t\t\t\t\tzaspokoi\u0107 dzisiejsze zapotrzebowania rynku oraz wysokie\n\t\t\t\t\twymagania, jakie stawiaj\u0105 przed nami klienci.\n\t\t\t\t<\/p>\n\t\t\t\t<p>\n\t\t\t\t\tW naszej ofercie znajd\u0105 Pa\u0144stwo produkty, kt\u00f3re uzupe\u0142ni\u0105 i\n\t\t\t\t\tzaaran\u017cuj\u0105 dowolnie zaprojektowane wn\u0119trze. Chc\u0105c sprosta\u0107\n\t\t\t\t\tnajbardziej wyszukanym gustom i oczekiwaniom naszych\n\t\t\t\t\tKlient\u00f3w, ca\u0142y czas jeste\u015bmy otwarci na propozycje i\n\t\t\t\t\tsugestie. Maj\u0105c na uwadze najnowsze trendy w dekoracji\n\t\t\t\t\twn\u0119trz, oraz pami\u0119taj\u0105c o wygodzie u\u017cytkowania i realiach\n\t\t\t\t\trynku, ka\u017cdego miesi\u0105ca wprowadzamy nowo\u015bci w poszczeg\u00f3lnych\n\t\t\t\t\tdzia\u0142ach.\n\t\t\t\t<\/p>\n\t\t\t\t<p>\n\t\t\t\t\tDzisiaj firma REA jest jedn\u0105 z najlepiej rozpoznawalnych\n\t\t\t\t\tmarek w Polsce, posiadaj\u0105c w\u0142asne magazyny o \u0142\u0105cznej\n\t\t\t\t\tpowierzchni ok 30 000 m2, laboratorium badawcze LAP, oraz\n\t\t\t\t\tponad 1000 sta\u0142ych odbiorc\u00f3w hurtowych. Na przestrzeni lat\n\t\t\t\t\tzdobyli\u015bmy pe\u0142ne uznanie i zaufanie naszych klient\u00f3w i ju\u017c\n\t\t\t\t\tdzi\u015b pragniemy Pa\u0144stwa zaprosi\u0107 do wsp\u00f3\u0142pracy.\n\t\t\t\t<\/p>\n\t\t\t\t<h5>Razem mo\u017cemy wi\u0119cej&#8230;<\/h5>\n\t\t\t<\/div>\n\t\t<\/div>\n\t<\/div>\n<\/div>\n\n\n\n<div class=\"products-cat\" id=\"products-cat\">\n\t<h4 class=\"products__name text-header-rea\">Produkty<\/h4>\n\t<div class=\"products__category\">\n\t\t<div class=\"category\">\n\t\t\t<a class=\"category__title\" href=\"https:\/\/lazienka-rea.com.pl\/kabiny-prysznicowe-90x90-80x80-i-inne.html\" rel=\"noopener noreferrer\" target=\"_blank\"><img decoding=\"async\" alt=\"Kabiny prysznicowe\" class=\"img-rea\" src=\"https:\/\/tutumi.pl\/picture\/2032x\/smart\/filters:quality(75):fill(white)\/cd29eb4a48a50492c15e574b4017d963.jpg\">\n\t\t\t\t<h3 class=\"title-rea\">Kabiny prysznicowe<\/h3><\/a>\n\t\t<\/div>\n\t\t<div class=\"category\">\n\t\t\t<a class=\"category__title\" href=\"https:\/\/lazienka-rea.com.pl\/drzwi-prysznicowe.html\" rel=\"noopener noreferrer\" target=\"_blank\"><img decoding=\"async\" alt=\"Drzwi prysznicowe\" class=\"img-rea\" src=\"https:\/\/tutumi.pl\/picture\/2032x\/smart\/filters:quality(75):fill(white)\/8fa135d85b8010ddda907e303918e309.jpg\">\n\t\t\t\t<h3 class=\"title-rea\">Drzwi prysznicowe<\/h3><\/a>\n\t\t<\/div>\n\t\t<div class=\"category\">\n\t\t\t<a class=\"category__title\" href=\"https:\/\/lazienka-rea.com.pl\/zlewy-umywalki-lazienkowe\" rel=\"noopener noreferrer\" target=\"_blank\"><img decoding=\"async\" alt=\"Wanny i parawany\" class=\"img-rea\" src=\"https:\/\/tutumi.pl\/picture\/2032x\/smart\/filters:quality(75):fill(white)\/75f01d8e24237667956908fd24cbc429.png\">\n\t\t\t\t<h3 class=\"title-rea\">Umywalki<\/h3><\/a>\n\t\t<\/div>\n\t\t<div class=\"category\">\n\t\t\t<a class=\"category__title\" href=\"https:\/\/lazienka-rea.com.pl\/lazienkowe-brodziki-prysznicowe.html\" rel=\"noopener noreferrer\" target=\"_blank\"><img decoding=\"async\" alt=\"Brodziki\" class=\"img-rea\" src=\"https:\/\/tutumi.pl\/picture\/2032x\/smart\/filters:quality(75):fill(white)\/0ff380139dc4f05650c5f000fcb3ddce.jpg\">\n\t\t\t\t<h3 class=\"title-rea\">Brodziki<\/h3><\/a>\n\t\t<\/div>\n\t\t<div class=\"category\">\n\t\t\t<a class=\"category__title\" href=\"https:\/\/lazienka-rea.com.pl\/prysznicowe-odplywy-liniowe.html\" rel=\"noopener noreferrer\" target=\"_blank\"><img decoding=\"async\" alt=\"Odp\u0142ywy liniowe\" class=\"img-rea\" src=\"https:\/\/tutumi.pl\/picture\/2032x\/smart\/filters:quality(75):fill(white)\/e9713214a606c347da231f5c71fdcaf5\">\n\t\t\t\t<h3 class=\"title-rea\">Odp\u0142ywy liniowe<\/h3><\/a>\n\t\t<\/div>\n\t\t<div class=\"category\">\n\t\t\t<a class=\"category__title\" href=\"https:\/\/lazienka-rea.com.pl\/zlewozmywaki.html\" rel=\"noopener noreferrer\" target=\"_blank\"><img decoding=\"async\" alt=\"Zlewozmywaki\" class=\"img-rea\" src=\"https:\/\/tutumi.pl\/picture\/2032x\/smart\/filters:quality(75):fill(white)\/174b2fd44efa4a93dddbf29ae2ba147c.jpg\">\n\t\t\t\t<h3 class=\"title-rea\">zlewozmywaki<\/h3><\/a>\n\t\t<\/div>\n\t\t<div class=\"category\">\n\t\t\t<a class=\"category__title\" href=\"https:\/\/lazienka-rea.com.pl\/zlewy-umywalki-lazienkowe.html\" rel=\"noopener noreferrer\" target=\"_blank\"><img decoding=\"async\" alt=\"Umywalki\" class=\"img-rea\" src=\"https:\/\/tutumi.pl\/picture\/2032x\/smart\/filters:quality(75):fill(white)\/867705fd0d2924e4d33288ee85a53573.jpg\">\n\t\t\t\t<h3 class=\"title-rea\">Umywalki<\/h3><\/a>\n\t\t<\/div>\n\t\t<div class=\"category\">\n\t\t\t<a class=\"category__title\" href=\"https:\/\/lazienka-rea.com.pl\/toalety-ubikacje\/muszle-klozetowe-misy-wc.html\" rel=\"noopener noreferrer\" target=\"_blank\"><img decoding=\"async\" alt=\"Misy WC i bidety\" class=\"img-rea\" src=\"https:\/\/tutumi.pl\/picture\/2032x\/smart\/filters:quality(75):fill(white)\/f88e72e59ce385345537940a21c6a14f.jpg\">\n\t\t\t\t<h3 class=\"title-rea\">Misy WC i bidety<\/h3><\/a>\n\t\t<\/div>\n\t\t<div class=\"category\">\n\t\t\t<a class=\"category__title\" href=\"https:\/\/lazienka-rea.com.pl\/baterie-lazienkowe\/krany-baterie-wannowe-scienne\" rel=\"noopener noreferrer\" target=\"_blank\"><img decoding=\"async\" alt=\"Deszczownice\" class=\"img-rea\" src=\"https:\/\/tutumi.pl\/picture\/2032x\/smart\/filters:quality(75):fill(white)\/df64e233d09f29d55736fc0b329ef774.jpg\">\n\t\t\t\t<h3 class=\"title-rea\">Zestawy wannowe<\/h3><\/a>\n\t\t<\/div>\n\t\t<div class=\"category\">\n\t\t\t<a class=\"category__title\" href=\"https:\/\/lazienka-rea.com.pl\/baterie-lazienkowe.html\" rel=\"noopener noreferrer\" target=\"_blank\"><img decoding=\"async\" alt=\"Baterie\" class=\"img-rea\" src=\"https:\/\/tutumi.pl\/picture\/2032x\/smart\/filters:quality(75):fill(white)\/6e5aa6ee448bd48584ab6ece547ce643.png\">\n\t\t\t\t<h3 class=\"title-rea\">Baterie<\/h3><\/a>\n\t\t<\/div>\n<div class=\"category\">\n\t\t\t<a class=\"category__title\" href=\"https:\/\/lazienka-rea.com.pl\/zlewy-umywalki-lazienkowe\" rel=\"noopener noreferrer\" target=\"_blank\"><img decoding=\"async\" alt=\"Umywalki\" class=\"img-rea\" src=\"https:\/\/tutumi.pl\/picture\/2032x\/smart\/filters:quality(75):fill(white)\/63e0774d9423a314f0378db410f0bb7e.jpg\">\n\t\t\t\t<h3 class=\"title-rea\">Umywalki<\/h3><\/a>\n\t\t<\/div>\n\t\t<div class=\"category\">\n\t\t\t<a class=\"category__title\" href=\"https:\/\/lazienka-rea.com.pl\/lazienkowe-natryski-prysznicowe\/prysznicowe-zestawy-natryskowe.html\" rel=\"noopener noreferrer\" target=\"_blank\"><img decoding=\"async\" alt=\"Zestawy natryskowe\" class=\"img-rea\" src=\"https:\/\/tutumi.pl\/picture\/2032x\/smart\/filters:quality(75):fill(white)\/417d22fb5697cf245dc7e0c20bbb6e06.jpg\">\n\t\t\t\t<h3 class=\"title-rea\">Zestawy natryskowe<\/h3><\/a>\n\t\t<\/div>\n\t\t<div class=\"category\">\n\t\t\t<a class=\"category__title\" href=\"https:\/\/lazienka-rea.com.pl\/products\/search?query=kuchenna\" rel=\"noopener noreferrer\" target=\"_blank\"><img decoding=\"async\" alt=\"Armatura kuchenna\" class=\"img-rea\" src=\"https:\/\/tutumi.pl\/picture\/2032x\/smart\/filters:quality(75):fill(white)\/d9737cc53492b5aec4f877e27acf9c49.jpg\">\n\t\t\t\t<h3 class=\"title-rea\">Armatura kuchenna<\/h3><\/a>\n\t\t<\/div>\n<div class=\"category\">\n\t\t\t<a class=\"category__title\" href=\"https:\/\/lazienka-rea.com.pl\/akcesoria-lazienkowe-dodatki-do-lazienki\" rel=\"noopener noreferrer\" target=\"_blank\"><img decoding=\"async\" alt=\"Baterie\" class=\"img-rea\" src=\"https:\/\/tutumi.pl\/picture\/2032x\/smart\/filters:quality(75):fill(white)\/a7cfa2ae50aba7a0ec8b85d1d058f2df.jpg\">\n\t\t\t\t<h3 class=\"title-rea\">Akcesoria<\/h3><\/a>\n\t\t<\/div>\n<div class=\"category\">\n\t\t\t<a class=\"category__title\" href=\"https:\/\/lazienka-rea.com.pl\/akcesoria-lazienkowe-dodatki-do-lazienki\/lustra-lazienkowe\" rel=\"noopener noreferrer\" target=\"_blank\"><img decoding=\"async\" alt=\"Baterie\" class=\"img-rea\" src=\"https:\/\/tutumi.pl\/picture\/2032x\/smart\/filters:quality(75):fill(white)\/a9c4bbaeac1a77544cbcdc95a75c41c4.jpg\">\n\t\t\t\t<h3 class=\"title-rea\">Lustra<\/h3><\/a>\n\t\t<\/div>\n\t<\/div>\n<\/div>\n\n\n\n<div class=\"products-sales\">\n\t<div class=\"sale-feature\">\n\t\t<a class=\"sale-link\" href=\"https:\/\/lazienka-rea.com.pl\/nowosc\" rel=\"noopener noreferrer\" target=\"_blank\"><h3 class=\"feature__header\">NOWO\u015aCI<\/h3>\n\t\t\t<img decoding=\"async\" alt=\"Bestseller\" class=\"feature__icon\" src=\"https:\/\/rea.pl\/img\/shopping-bag.svg\">\n\t\t\t<p class=\"feature__description\">\n\t\t\t\tZach\u0119camy do zapoznania si\u0119 z nasz\u0105 now\u0105 kolekcj\u0105\n\t\t\t<\/p><\/a><a class=\"sale-link\" href=\"https:\/\/lazienka-rea.com.pl\/polecane-1.html\" rel=\"noopener noreferrer\" target=\"_blank\"><h3 class=\"feature__header\">BESTSELLERY<\/h3>\n\t\t\t<img decoding=\"async\" alt=\"Bestseller\" class=\"feature__icon\" src=\"https:\/\/rea.pl\/img\/bestseller.svg\">\n\t\t\t<p class=\"feature__description\">\n\t\t\t\tSprawd\u017a nasze najlepiej sprzedaj\u0105ce si\u0119 produkty\n\t\t\t<\/p><\/a><a class=\"sale-link\" href=\"https:\/\/lazienka-rea.com.pl\/wyprzedaz\" rel=\"noopener noreferrer\" target=\"_blank\"><h3 class=\"feature__header\">PROMOCJE<\/h3>\n\t\t\t<img decoding=\"async\" alt=\"Bestseller\" class=\"feature__icon\" src=\"https:\/\/rea.pl\/img\/discount-voucher.svg\">\n\t\t\t<p class=\"feature__description\">\n\t\t\t\tAktualne promocje &#8211; najwy\u017csza jako\u015b\u0107 w najni\u017cszej cenie\n\t\t\t<\/p><\/a><a class=\"sale-link\" href=\"https:\/\/lazienka-rea.com.pl\/wysylka-rea.html\" rel=\"noopener noreferrer\" target=\"_blank\"><h3 class=\"feature__header\">DOSTAWY<\/h3>\n\t\t\t<img decoding=\"async\" alt=\"Bestseller\" class=\"feature__icon\" src=\"https:\/\/rea.pl\/img\/delivery.svg\">\n\t\t\t<p class=\"feature__description\">\n\t\t\t\tRegulamin wysy\u0142ki naszych produkt\u00f3w\n\t\t\t<\/p><\/a>\n\t<\/div>\n<\/div>\n\n\n\n<div class=\"products-places\"><div class=\"places-cont\" id=\"instagram_posts\"><\/div><\/div>\n","protected":false},"excerpt":{"rendered":"<p>REA zadebiutowa\u0142a na polskim rynku w roku 1993. Od tego czasu w odpowiedzi na Pa\u0144stwa potrzeby uzupe\u0142niamy ofert\u0119 o nowe, wysokiej jako\u015bci, modne produkty. Specjalizujemy si\u0119 w produkcji i imporcie towar\u00f3w z zakresu Armatury \u0142azienkowej oraz kuchennej. Bazuj\u0105c na wieloletnim do\u015bwiadczeniu gwarantujemy, i\u017c wszystkie nasze produkty s\u0105 w 100% bezpieczne [&hellip;]<\/p>\n","protected":false},"author":1,"featured_media":0,"parent":0,"menu_order":0,"comment_status":"closed","ping_status":"closed","template":"","meta":[],"_links":{"self":[{"href":"https:\/\/rea.pl\/index.php\/wp-json\/wp\/v2\/pages\/7"}],"collection":[{"href":"https:\/\/rea.pl\/index.php\/wp-json\/wp\/v2\/pages"}],"about":[{"href":"https:\/\/rea.pl\/index.php\/wp-json\/wp\/v2\/types\/page"}],"author":[{"embeddable":true,"href":"https:\/\/rea.pl\/index.php\/wp-json\/wp\/v2\/users\/1"}],"replies":[{"embeddable":true,"href":"https:\/\/rea.pl\/index.php\/wp-json\/wp\/v2\/comments?post=7"}],"version-history":[{"count":94,"href":"https:\/\/rea.pl\/index.php\/wp-json\/wp\/v2\/pages\/7\/revisions"}],"predecessor-version":[{"id":436,"href":"https:\/\/rea.pl\/index.php\/wp-json\/wp\/v2\/pages\/7\/revisions\/436"}],"wp:attachment":[{"href":"https:\/\/rea.pl\/index.php\/wp-json\/wp\/v2\/media?parent=7"}],"curies":[{"name":"wp","href":"https:\/\/api.w.org\/{rel}","templated":true}]}}